{"id":63,"date":"2021-12-04T19:49:58","date_gmt":"2021-12-04T19:49:58","guid":{"rendered":"https:\/\/forstteam.ch\/?page_id=63"},"modified":"2023-03-10T10:10:16","modified_gmt":"2023-03-10T10:10:16","slug":"kontakt","status":"publish","type":"page","link":"https:\/\/forstteam.ch\/?page_id=63","title":{"rendered":"KONTAKT"},"content":{"rendered":"\n<p>Unsere Kontaktadresse f\u00fcr Beratung und Offerten:<\/p>\n\n\n\n<p>Stefan Burch<br>Eidg. Dipl. F\u00f6rster HFF<br>L\u00e4ndliweg 34<br>5436 W\u00fcrenlos<\/p>\n\n\n\n<p>Tel: +41 (0)79 607 38 17<\/p>\n\n\n\n<p>E-Mail:&nbsp;<a href=\"mailto:%%20%3Cscript%20language=%27JavaScript%27%20type=%27text\/javascript%27%3E%20%3C%21--%20var%20prefix%20=%20%27mailto:%27;%20var%20suffix%20=%20%27%27;%20var%20attribs%20=%20%27%27;%20var%20path%20=%20%27hr%27%20+%20%27ef%27%20+%20%27=%27;%20var%20addy75059%20=%20%2720ste.bu%27%20+%20%27@%27;%20addy75059%20=%20addy75059%20+%20%27gmx%27%20+%20%27.%27%20+%20%27ch%27;%20document.write%28%20%27%3Ca%20%27%20+%20path%20+%20%27%5C%27%27%20+%20prefix%20+%20addy75059%20+%20suffix%20+%20%27%5C%27%27%20+%20attribs%20+%20%27%3E%27%20%29;%20document.write%28%20addy75059%20%29;%20document.write%28%20%27%3C%5C\/a%3E%27%20%29;%20\/\/--%3E%20%3C\/script%3E%3Cscript%20language=%27JavaScript%27%20type=%27text\/javascript%27%3E%20%3C%21--%20document.write%28%20%27%3Cspan%20style=%5C%27display:%20none;%5C%27%3E%27%20%29;%20\/\/--%3E%20%3C\/script%3EDiese%20E-Mail-Adresse%20ist%20gegen%20Spambots%20gesch%C3%BCtzt%21%20Sie%20m%C3%BCssen%20JavaScript%20aktivieren,%20damit%20Sie%20sie%20sehen%20k%C3%B6nnen.%20%3Cscript%20language=%27JavaScript%27%20type=%27text\/javascript%27%3E%20%3C%21--%20document.write%28%20%27%3C\/%27%20%29;%20document.write%28%20%27span%3E%27%20%29;%20\/\/--%3E%20%3C\/script%3E\">stefan.burch(at)gmx.ch<\/a><\/p>\n\n\n\n<p>Wir freuen uns auf Ihren Auftrag!<\/p>\n","protected":false},"excerpt":{"rendered":"<p>Unsere Kontaktadresse f\u00fcr Beratung und Offerten: Stefan BurchEidg. Dipl. F\u00f6rster HFFL\u00e4ndliweg 345436 W\u00fcrenlos Tel: +41 (0)79 607 38 17 E-Mail:&nbsp;stefan.burch(at)gmx.ch Wir freuen uns auf Ihren Auftrag!<\/p>\n","protected":false},"author":1,"featured_media":0,"parent":0,"menu_order":0,"comment_status":"closed","ping_status":"closed","template":"","meta":{"ngg_post_thumbnail":0,"footnotes":""},"class_list":["post-63","page","type-page","status-publish","hentry"],"_links":{"self":[{"href":"https:\/\/forstteam.ch\/index.php?rest_route=\/wp\/v2\/pages\/63","targetHints":{"allow":["GET"]}}],"collection":[{"href":"https:\/\/forstteam.ch\/index.php?rest_route=\/wp\/v2\/pages"}],"about":[{"href":"https:\/\/forstteam.ch\/index.php?rest_route=\/wp\/v2\/types\/page"}],"author":[{"embeddable":true,"href":"https:\/\/forstteam.ch\/index.php?rest_route=\/wp\/v2\/users\/1"}],"replies":[{"embeddable":true,"href":"https:\/\/forstteam.ch\/index.php?rest_route=%2Fwp%2Fv2%2Fcomments&post=63"}],"version-history":[{"count":2,"href":"https:\/\/forstteam.ch\/index.php?rest_route=\/wp\/v2\/pages\/63\/revisions"}],"predecessor-version":[{"id":90,"href":"https:\/\/forstteam.ch\/index.php?rest_route=\/wp\/v2\/pages\/63\/revisions\/90"}],"wp:attachment":[{"href":"https:\/\/forstteam.ch\/index.php?rest_route=%2Fwp%2Fv2%2Fmedia&parent=63"}],"curies":[{"name":"wp","href":"https:\/\/api.w.org\/{rel}","templated":true}]}}