{"id":55,"date":"2021-12-04T19:48:11","date_gmt":"2021-12-04T19:48:11","guid":{"rendered":"https:\/\/forstteam.ch\/?page_id=55"},"modified":"2021-12-04T19:48:11","modified_gmt":"2021-12-04T19:48:11","slug":"reto","status":"publish","type":"page","link":"https:\/\/forstteam.ch\/?page_id=55","title":{"rendered":"RETO"},"content":{"rendered":"\n<div class=\"wp-block-image\"><figure class=\"aligncenter size-full\"><img loading=\"lazy\" decoding=\"async\" width=\"400\" height=\"500\" src=\"https:\/\/forstteam.ch\/wp-content\/uploads\/2021\/12\/reto.jpg\" alt=\"\" class=\"wp-image-56\" srcset=\"https:\/\/forstteam.ch\/wp-content\/uploads\/2021\/12\/reto.jpg 400w, https:\/\/forstteam.ch\/wp-content\/uploads\/2021\/12\/reto-240x300.jpg 240w\" sizes=\"auto, (max-width: 400px) 100vw, 400px\" \/><figcaption>Zust\u00e4ndig f\u00fcr Maschinen- und Fahrzeugpark<\/figcaption><\/figure><\/div>\n\n\n\n<p>Reto Brunner ist unser j\u00fcngstes Forstteammitglied, was aber nicht heisst das er unerfahren ist. Als gelernter Automechaniker sorgt er daf\u00fcr, dass unsere Maschinen nie zum Stillstand kommen. Durch sein Know How im Sportklettern ist er der Fachmann f\u00fcr anspruchsvolle Seilsicherungen.<\/p>\n","protected":false},"excerpt":{"rendered":"<p>Reto Brunner ist unser j\u00fcngstes Forstteammitglied, was aber nicht heisst das er unerfahren ist. Als gelernter Automechaniker sorgt er daf\u00fcr, dass unsere Maschinen nie zum Stillstand kommen. Durch sein Know How im Sportklettern ist er der Fachmann f\u00fcr anspruchsvolle Seilsicherungen.<\/p>\n","protected":false},"author":1,"featured_media":0,"parent":0,"menu_order":0,"comment_status":"closed","ping_status":"closed","template":"","meta":{"ngg_post_thumbnail":0,"footnotes":""},"class_list":["post-55","page","type-page","status-publish","hentry"],"_links":{"self":[{"href":"https:\/\/forstteam.ch\/index.php?rest_route=\/wp\/v2\/pages\/55","targetHints":{"allow":["GET"]}}],"collection":[{"href":"https:\/\/forstteam.ch\/index.php?rest_route=\/wp\/v2\/pages"}],"about":[{"href":"https:\/\/forstteam.ch\/index.php?rest_route=\/wp\/v2\/types\/page"}],"author":[{"embeddable":true,"href":"https:\/\/forstteam.ch\/index.php?rest_route=\/wp\/v2\/users\/1"}],"replies":[{"embeddable":true,"href":"https:\/\/forstteam.ch\/index.php?rest_route=%2Fwp%2Fv2%2Fcomments&post=55"}],"version-history":[{"count":1,"href":"https:\/\/forstteam.ch\/index.php?rest_route=\/wp\/v2\/pages\/55\/revisions"}],"predecessor-version":[{"id":57,"href":"https:\/\/forstteam.ch\/index.php?rest_route=\/wp\/v2\/pages\/55\/revisions\/57"}],"wp:attachment":[{"href":"https:\/\/forstteam.ch\/index.php?rest_route=%2Fwp%2Fv2%2Fmedia&parent=55"}],"curies":[{"name":"wp","href":"https:\/\/api.w.org\/{rel}","templated":true}]}}