{"id":52,"date":"2021-12-04T19:47:10","date_gmt":"2021-12-04T19:47:10","guid":{"rendered":"https:\/\/forstteam.ch\/?page_id=52"},"modified":"2021-12-04T19:47:10","modified_gmt":"2021-12-04T19:47:10","slug":"raphael","status":"publish","type":"page","link":"https:\/\/forstteam.ch\/?page_id=52","title":{"rendered":"RAPHAEL"},"content":{"rendered":"\n<div class=\"wp-block-image\"><figure class=\"aligncenter size-full\"><img loading=\"lazy\" decoding=\"async\" width=\"400\" height=\"500\" src=\"https:\/\/forstteam.ch\/wp-content\/uploads\/2021\/12\/rafi.jpg\" alt=\"\" class=\"wp-image-53\" srcset=\"https:\/\/forstteam.ch\/wp-content\/uploads\/2021\/12\/rafi.jpg 400w, https:\/\/forstteam.ch\/wp-content\/uploads\/2021\/12\/rafi-240x300.jpg 240w\" sizes=\"auto, (max-width: 400px) 100vw, 400px\" \/><figcaption>Zust\u00e4ndig f\u00fcr Holzverarbeitung<\/figcaption><\/figure><\/div>\n\n\n\n<p>Raphael Sp\u00f6rri ist sehr vielseitig begabt. S\u00e4ge und Holzspaltarbeiten bew\u00e4ltigt er mit Leichtigkeit. Er versteht es den Rundschlag beim Spalten perfekt durchzuziehen so das jedes Holzst\u00fcck durch den gewaltige Hieb in zwei Teile zerspringt. Durch seine Initiative wurde diese Homepage ins Leben gerufen.<\/p>\n","protected":false},"excerpt":{"rendered":"<p>Raphael Sp\u00f6rri ist sehr vielseitig begabt. S\u00e4ge und Holzspaltarbeiten bew\u00e4ltigt er mit Leichtigkeit. Er versteht es den Rundschlag beim Spalten perfekt durchzuziehen so das jedes Holzst\u00fcck durch den gewaltige Hieb in zwei Teile zerspringt. Durch seine Initiative wurde diese Homepage ins Leben gerufen.<\/p>\n","protected":false},"author":1,"featured_media":0,"parent":0,"menu_order":0,"comment_status":"closed","ping_status":"closed","template":"","meta":{"ngg_post_thumbnail":0,"footnotes":""},"class_list":["post-52","page","type-page","status-publish","hentry"],"_links":{"self":[{"href":"https:\/\/forstteam.ch\/index.php?rest_route=\/wp\/v2\/pages\/52","targetHints":{"allow":["GET"]}}],"collection":[{"href":"https:\/\/forstteam.ch\/index.php?rest_route=\/wp\/v2\/pages"}],"about":[{"href":"https:\/\/forstteam.ch\/index.php?rest_route=\/wp\/v2\/types\/page"}],"author":[{"embeddable":true,"href":"https:\/\/forstteam.ch\/index.php?rest_route=\/wp\/v2\/users\/1"}],"replies":[{"embeddable":true,"href":"https:\/\/forstteam.ch\/index.php?rest_route=%2Fwp%2Fv2%2Fcomments&post=52"}],"version-history":[{"count":1,"href":"https:\/\/forstteam.ch\/index.php?rest_route=\/wp\/v2\/pages\/52\/revisions"}],"predecessor-version":[{"id":54,"href":"https:\/\/forstteam.ch\/index.php?rest_route=\/wp\/v2\/pages\/52\/revisions\/54"}],"wp:attachment":[{"href":"https:\/\/forstteam.ch\/index.php?rest_route=%2Fwp%2Fv2%2Fmedia&parent=52"}],"curies":[{"name":"wp","href":"https:\/\/api.w.org\/{rel}","templated":true}]}}